{"id":227,"date":"2025-09-21T17:30:44","date_gmt":"2025-09-21T21:30:44","guid":{"rendered":"https:\/\/paperboat.com.ar\/demos\/denuble\/?page_id=227"},"modified":"2025-10-15T12:58:32","modified_gmt":"2025-10-15T16:58:32","slug":"derecho-de-inmigracion","status":"publish","type":"page","link":"https:\/\/denublelaw.com\/en\/areas-de-practica\/derecho-de-inmigracion\/","title":{"rendered":"Business Immigration and Cross-Border Employment"},"content":{"rendered":"<div data-elementor-type=\"wp-page\" data-elementor-id=\"227\" class=\"elementor elementor-227\">\n\t\t\t\t<div class=\"elementor-element elementor-element-e2bffac e-con-full e-flex e-con e-parent\" data-id=\"e2bffac\" data-element_type=\"container\" data-e-type=\"container\" id=\"inmiback\" data-settings=\"{&quot;background_background&quot;:&quot;classic&quot;}\">\n\t\t\t\t<div class=\"elementor-element elementor-element-73a3a69 elementor-widget__width-initial elementor-widget elementor-widget-heading\" data-id=\"73a3a69\" data-element_type=\"widget\" data-e-type=\"widget\" data-widget_type=\"heading.default\">\n\t\t\t\t\t<h1 class=\"elementor-heading-title elementor-size-default translation-block\">Business Immigration<br>and Cross-Border Employment<\/h1>\t\t\t\t<\/div>\n\t\t\t\t<div class=\"elementor-element elementor-element-d563ead elementor-widget elementor-widget-heading\" data-id=\"d563ead\" data-element_type=\"widget\" data-e-type=\"widget\" data-widget_type=\"heading.default\">\n\t\t\t\t\t<h2 class=\"elementor-heading-title elementor-size-default translation-block\">All countries place limitations on the rights of foreign nationals to enter, live and work within their boundaries, restricting the talent pool for many multi-national companies, who rely on foreigners with critical skills for their business\u2019s success. Denuble Law provides advice in maneuvering the complex array of rules, visa regulations, registrations, reporting requirements, and procedures that dictate a worker\u2019s ability to work in a foreign country.<\/h2>\t\t\t\t<\/div>\n\t\t\t\t<div class=\"elementor-element elementor-element-b3c153a elementor-view-default elementor-widget elementor-widget-icon\" data-id=\"b3c153a\" data-element_type=\"widget\" data-e-type=\"widget\" data-widget_type=\"icon.default\">\n\t\t\t\t\t\t\t<div class=\"elementor-icon-wrapper\">\n\t\t\t<a class=\"elementor-icon elementor-animation-pulse-grow\" href=\"#contenido\">\n\t\t\t<svg aria-hidden=\"true\" class=\"e-font-icon-svg e-fas-chevron-down\" viewbox=\"0 0 448 512\" xmlns=\"http:\/\/www.w3.org\/2000\/svg\"><path d=\"M207.029 381.476L12.686 187.132c-9.373-9.373-9.373-24.569 0-33.941l22.667-22.667c9.357-9.357 24.522-9.375 33.901-.04L224 284.505l154.745-154.021c9.379-9.335 24.544-9.317 33.901.04l22.667 22.667c9.373 9.373 9.373 24.569 0 33.941L240.971 381.476c-9.373 9.372-24.569 9.372-33.942 0z\"><\/path><\/svg>\t\t\t<\/a>\n\t\t<\/div>\n\t\t\t\t\t\t<\/div>\n\t\t\t\t<\/div>\n\t\t<div class=\"elementor-element elementor-element-ec5655a e-con-full e-flex e-con e-parent\" data-id=\"ec5655a\" data-element_type=\"container\" data-e-type=\"container\" id=\"contenido\">\n\t\t<div class=\"elementor-element elementor-element-44d2f6f e-con-full e-flex e-con e-child\" data-id=\"44d2f6f\" data-element_type=\"container\" data-e-type=\"container\">\n\t\t\t\t<div class=\"elementor-element elementor-element-c5238d6 elementor-widget elementor-widget-heading\" data-id=\"c5238d6\" data-element_type=\"widget\" data-e-type=\"widget\" data-widget_type=\"heading.default\">\n\t\t\t\t\t<h2 class=\"elementor-heading-title elementor-size-default\">The firm provides counsel and prepares applications to the U.S. immigration authorities without limitations to the following non-immigrant visas:<\/h2>\t\t\t\t<\/div>\n\t\t\t\t<\/div>\n\t\t<div class=\"elementor-element elementor-element-7a77b18 e-con-full e-flex e-con e-child\" data-id=\"7a77b18\" data-element_type=\"container\" data-e-type=\"container\">\n\t\t\t\t<div class=\"elementor-element elementor-element-48c1e2a elementor-widget elementor-widget-text-editor\" data-id=\"48c1e2a\" data-element_type=\"widget\" data-e-type=\"widget\" data-widget_type=\"text-editor.default\">\n\t\t\t\t\t\t\t\t\t<p class=\"translation-block\"><strong>B-1 Visa:<\/strong> Business visitors<br>\n<strong>B-2 Visa:<\/strong> Tourism, family visits, medical treatments<br>\n<strong>F-1 Visa:<\/strong> Academic students<br>\n<strong>E-1 Visa:<\/strong> Treaty traders (available only to nationals of treaty countries)<br>\n<strong>E-2 Visa:<\/strong> Treaty investors (nationals of treaty countries; requires a substantial investment)<br>\n<strong>EB-1A Visa:<\/strong> Individuals of extraordinary ability in the sciences, arts, education, business, or athletics<br>\n<strong>EB-1B Visa:<\/strong> Outstanding professors and researchers<br>\n<strong>EB-1C Visa:<\/strong> Multinational executives and managers<br>\n<strong>EB-2 NIW Visa:<\/strong> National Interest Waiver for individuals with exceptional ability or advanced degrees<br>\n<strong>EB-3 Visa (PERM):<\/strong> Skilled workers, professionals, and other workers (requires employer sponsorship)<br>\n<strong>EB-5 Visa:<\/strong> Immigrant investors for permanent residence (requires a significant investment)<br>\n<strong>H-1B Visa:<\/strong> Specialty occupation professionals (subject to lottery process)<br>\n<strong>H-1B1 Visa:<\/strong> Specialty occupation professionals from Chile and Singapore (similar to H-1B, with a separate cap)<br>\n<strong>L-1A &amp; L-1B Visas:<\/strong> Intracompany transferees (executives, managers, or specialized knowledge personnel within a multinational company)<br>\n<strong>O-1A &amp; O-1B Visas:<\/strong> Individuals with extraordinary ability in sciences, education, business, or athletics (O-1A), or in the arts, motion picture, or television industry (O-1B)<br>\n<strong>R Visa:<\/strong> Religious workers<br>\n<strong>TN Visa:<\/strong> Professionals from Canada and Mexico under the USMCA (formerly NAFTA)<br><\/p>\t\t\t\t\t\t\t\t<\/div>\n\t\t\t\t<\/div>\n\t\t\t\t<\/div>\n\t\t<div class=\"elementor-element elementor-element-29b1ef5 e-con-full e-flex e-con e-parent\" data-id=\"29b1ef5\" data-element_type=\"container\" data-e-type=\"container\" data-settings=\"{&quot;background_background&quot;:&quot;classic&quot;}\">\n\t\t<div class=\"elementor-element elementor-element-483bb99 e-con-full e-flex e-con e-child\" data-id=\"483bb99\" data-element_type=\"container\" data-e-type=\"container\">\n\t\t\t\t<\/div>\n\t\t<div class=\"elementor-element elementor-element-97acc7e e-con-full e-flex e-con e-child\" data-id=\"97acc7e\" data-element_type=\"container\" data-e-type=\"container\">\n\t\t\t\t<div class=\"elementor-element elementor-element-32a58dd elementor-widget elementor-widget-heading\" data-id=\"32a58dd\" data-element_type=\"widget\" data-e-type=\"widget\" data-widget_type=\"heading.default\">\n\t\t\t\t\t<h2 class=\"elementor-heading-title elementor-size-default\">Our Locations_<\/h2>\t\t\t\t<\/div>\n\t\t\t\t<div class=\"elementor-element elementor-element-380e3b3 elementor-widget__width-initial elementor-widget elementor-widget-image\" data-id=\"380e3b3\" data-element_type=\"widget\" data-e-type=\"widget\" data-widget_type=\"image.default\">\n\t\t\t\t\t\t\t\t\t\t\t\t\t\t\t<img fetchpriority=\"high\" decoding=\"async\" width=\"800\" height=\"547\" src=\"https:\/\/denublelaw.com\/wp-content\/uploads\/2025\/09\/Gemini_Generated_Image_re034lre034lre03-e1759281358898.png\" class=\"attachment-full size-full wp-image-462\" alt=\"\" srcset=\"https:\/\/denublelaw.com\/wp-content\/uploads\/2025\/09\/Gemini_Generated_Image_re034lre034lre03-e1759281358898.png 800w, https:\/\/denublelaw.com\/wp-content\/uploads\/2025\/09\/Gemini_Generated_Image_re034lre034lre03-e1759281358898-300x205.png 300w, https:\/\/denublelaw.com\/wp-content\/uploads\/2025\/09\/Gemini_Generated_Image_re034lre034lre03-e1759281358898-768x525.png 768w, https:\/\/denublelaw.com\/wp-content\/uploads\/2025\/09\/Gemini_Generated_Image_re034lre034lre03-e1759281358898-18x12.png 18w\" sizes=\"(max-width: 800px) 100vw, 800px\" \/>\t\t\t\t\t\t\t\t\t\t\t\t\t\t\t<\/div>\n\t\t\t\t<\/div>\n\t\t<div class=\"elementor-element elementor-element-f394a5f e-con-full e-flex e-con e-child\" data-id=\"f394a5f\" data-element_type=\"container\" data-e-type=\"container\">\n\t\t\t\t<div class=\"elementor-element elementor-element-d3b4943 elementor-widget elementor-widget-heading\" data-id=\"d3b4943\" data-element_type=\"widget\" data-e-type=\"widget\" data-widget_type=\"heading.default\">\n\t\t\t\t\t<h2 class=\"elementor-heading-title elementor-size-default\">Oficinas<\/h2>\t\t\t\t<\/div>\n\t\t<div class=\"elementor-element elementor-element-eb93739 e-grid e-con-full e-con e-child\" data-id=\"eb93739\" data-element_type=\"container\" data-e-type=\"container\">\n\t\t\t\t<div class=\"elementor-element elementor-element-be2acb0 elementor-widget elementor-widget-text-editor\" data-id=\"be2acb0\" data-element_type=\"widget\" data-e-type=\"widget\" data-widget_type=\"text-editor.default\">\n\t\t\t\t\t\t\t\t\t<p class=\"cvGsUA direction-ltr align-start para-style-body\" style=\"text-align: left;\"><span class=\"a_GcMg font-feature-liga-off font-feature-clig-off font-feature-calt-off text-decoration-none text-strikethrough-none\"><strong>NEW YORK<\/strong><br \/>1120 Avenue of the Americas, 4th Floor<br \/><\/span><span class=\"a_GcMg font-feature-liga-off font-feature-clig-off font-feature-calt-off text-decoration-none text-strikethrough-none\">New York, NY 10036<br \/><\/span><span class=\"a_GcMg font-feature-liga-off font-feature-clig-off font-feature-calt-off text-decoration-none text-strikethrough-none\">Tel. <\/span>+ 1 917 310 1069<br \/><span class=\"a_GcMg font-feature-liga-off font-feature-clig-off font-feature-calt-off text-decoration-none text-strikethrough-none\">Fax. + 1 516 654 3493<\/span><\/p>\t\t\t\t\t\t\t\t<\/div>\n\t\t\t\t<div class=\"elementor-element elementor-element-af4fb3f elementor-widget elementor-widget-text-editor\" data-id=\"af4fb3f\" data-element_type=\"widget\" data-e-type=\"widget\" data-widget_type=\"text-editor.default\">\n\t\t\t\t\t\t\t\t\t<p class=\"cvGsUA direction-ltr align-start para-style-body\"><span class=\"a_GcMg font-feature-liga-off font-feature-clig-off font-feature-calt-off text-decoration-none text-strikethrough-none\"><b>MADRID<br \/><\/b>Calle Zurbano 45, Piso 1,<br \/>Madrid 28010, Spain<br \/>Tel. + 34 669 591 620<br \/><\/span><\/p>\t\t\t\t\t\t\t\t<\/div>\n\t\t\t\t<div class=\"elementor-element elementor-element-823f8f2 elementor-widget elementor-widget-text-editor\" data-id=\"823f8f2\" data-element_type=\"widget\" data-e-type=\"widget\" data-widget_type=\"text-editor.default\">\n\t\t\t\t\t\t\t\t\t<p class=\"cvGsUA direction-ltr align-start para-style-body\"><span class=\"a_GcMg font-feature-liga-off font-feature-clig-off font-feature-calt-off text-decoration-none text-strikethrough-none\"><strong>BS. AS.<\/strong><br \/>Av. Santa Fe 1442, Piso 10 \u201cA\u201d, Ciudad de Buenos Aires C1060ABN, Argentina<br \/>Tel. + 54 114 815 1842<br \/><\/span><\/p>\t\t\t\t\t\t\t\t<\/div>\n\t\t\t\t<\/div>\n\t\t<div class=\"elementor-element elementor-element-ef68178 e-con-full e-flex e-con e-child\" data-id=\"ef68178\" data-element_type=\"container\" data-e-type=\"container\">\n\t\t\t\t<div class=\"elementor-element elementor-element-19ae62e elementor-align-left elementor-widget__width-initial elementor-widget elementor-widget-button\" data-id=\"19ae62e\" data-element_type=\"widget\" data-e-type=\"widget\" data-widget_type=\"button.default\">\n\t\t\t\t\t\t\t\t\t\t<a class=\"elementor-button elementor-button-link elementor-size-sm\" href=\"https:\/\/denublelaw.com\/index.php\/trabaja-con-nosotros\/\">\n\t\t\t\t\t\t<span class=\"elementor-button-content-wrapper\">\n\t\t\t\t\t\t<span class=\"elementor-button-icon\">\n\t\t\t\t<svg aria-hidden=\"true\" class=\"e-font-icon-svg e-fas-angle-right\" viewbox=\"0 0 256 512\" xmlns=\"http:\/\/www.w3.org\/2000\/svg\"><path d=\"M224.3 273l-136 136c-9.4 9.4-24.6 9.4-33.9 0l-22.6-22.6c-9.4-9.4-9.4-24.6 0-33.9l96.4-96.4-96.4-96.4c-9.4-9.4-9.4-24.6 0-33.9L54.3 103c9.4-9.4 24.6-9.4 33.9 0l136 136c9.5 9.4 9.5 24.6.1 34z\"><\/path><\/svg>\t\t\t<\/span>\n\t\t\t\t\t\t\t\t\t<span class=\"elementor-button-text\">Recruiting<\/span>\n\t\t\t\t\t<\/span>\n\t\t\t\t\t<\/a>\n\t\t\t\t\t\t\t\t<\/div>\n\t\t\t\t<\/div>\n\t\t\t\t<\/div>\n\t\t<div class=\"elementor-element elementor-element-43a5716 e-con-full e-flex e-con e-child\" data-id=\"43a5716\" data-element_type=\"container\" data-e-type=\"container\">\n\t\t\t\t<\/div>\n\t\t\t\t<\/div>\n\t\t\t\t<\/div>","protected":false},"excerpt":{"rendered":"<p>Derecho de Inmigraci\u00f3n Los pa\u00edses imponen en general rigurosas regulaciones a los derechos de los extranjeros para ingresar, vivir y [&hellip;]<\/p>\n","protected":false},"author":1,"featured_media":0,"parent":217,"menu_order":0,"comment_status":"closed","ping_status":"closed","template":"","meta":{"site-sidebar-layout":"no-sidebar","site-content-layout":"","ast-site-content-layout":"full-width-container","site-content-style":"default","site-sidebar-style":"default","ast-global-header-display":"","ast-banner-title-visibility":"","ast-main-header-display":"","ast-hfb-above-header-display":"","ast-hfb-below-header-display":"","ast-hfb-mobile-header-display":"","site-post-title":"","ast-breadcrumbs-content":"disabled","ast-featured-img":"disabled","footer-sml-layout":"","ast-disable-related-posts":"","theme-transparent-header-meta":"default","adv-header-id-meta":"","stick-header-meta":"","header-above-stick-meta":"","header-main-stick-meta":"","header-below-stick-meta":"","astra-migrate-meta-layouts":"set","ast-page-background-enabled":"default","ast-page-background-meta":{"desktop":{"background-color":"var(--ast-global-color-5)","background-image":"","background-repeat":"repeat","background-position":"center center","background-size":"auto","background-attachment":"scroll","background-type":"","background-media":"","overlay-type":"","overlay-color":"","overlay-opacity":"","overlay-gradient":""},"tablet":{"background-color":"","background-image":"","background-repeat":"repeat","background-position":"center center","background-size":"auto","background-attachment":"scroll","background-type":"","background-media":"","overlay-type":"","overlay-color":"","overlay-opacity":"","overlay-gradient":""},"mobile":{"background-color":"","background-image":"","background-repeat":"repeat","background-position":"center center","background-size":"auto","background-attachment":"scroll","background-type":"","background-media":"","overlay-type":"","overlay-color":"","overlay-opacity":"","overlay-gradient":""}},"ast-content-background-meta":{"desktop":{"background-color":"var(--ast-global-color-4)","background-image":"","background-repeat":"repeat","background-position":"center center","background-size":"auto","background-attachment":"scroll","background-type":"","background-media":"","overlay-type":"","overlay-color":"","overlay-opacity":"","overlay-gradient":""},"tablet":{"background-color":"var(--ast-global-color-4)","background-image":"","background-repeat":"repeat","background-position":"center center","background-size":"auto","background-attachment":"scroll","background-type":"","background-media":"","overlay-type":"","overlay-color":"","overlay-opacity":"","overlay-gradient":""},"mobile":{"background-color":"var(--ast-global-color-4)","background-image":"","background-repeat":"repeat","background-position":"center center","background-size":"auto","background-attachment":"scroll","background-type":"","background-media":"","overlay-type":"","overlay-color":"","overlay-opacity":"","overlay-gradient":""}},"footnotes":""},"class_list":["post-227","page","type-page","status-publish","hentry"],"yoast_head":"<!-- This site is optimized with the Yoast SEO plugin v27.2 - https:\/\/yoast.com\/product\/yoast-seo-wordpress\/ -->\n<title>Derecho de inmigraci\u00f3n - Denuble Law<\/title>\n<meta name=\"robots\" content=\"index, follow, max-snippet:-1, max-image-preview:large, max-video-preview:-1\" \/>\n<link rel=\"canonical\" href=\"https:\/\/denublelaw.com\/en\/areas-de-practica\/derecho-de-inmigracion\/\" \/>\n<meta property=\"og:locale\" content=\"en_US\" \/>\n<meta property=\"og:type\" content=\"article\" \/>\n<meta property=\"og:title\" content=\"Derecho de inmigraci\u00f3n - Denuble Law\" \/>\n<meta property=\"og:description\" content=\"Derecho de Inmigraci\u00f3n Los pa\u00edses imponen en general rigurosas regulaciones a los derechos de los extranjeros para ingresar, vivir y [&hellip;]\" \/>\n<meta property=\"og:url\" content=\"https:\/\/denublelaw.com\/en\/areas-de-practica\/derecho-de-inmigracion\/\" \/>\n<meta property=\"og:site_name\" content=\"Denuble Law\" \/>\n<meta property=\"article:modified_time\" content=\"2025-10-15T16:58:32+00:00\" \/>\n<meta property=\"og:image\" content=\"https:\/\/paperboat.com.ar\/demos\/denuble\/wp-content\/uploads\/2025\/09\/Gemini_Generated_Image_re034lre034lre03-e1759281358898.png\" \/>\n<meta name=\"twitter:card\" content=\"summary_large_image\" \/>\n<meta name=\"twitter:label1\" content=\"Est. reading time\" \/>\n\t<meta name=\"twitter:data1\" content=\"2 minutes\" \/>\n<script type=\"application\/ld+json\" class=\"yoast-schema-graph\">{\"@context\":\"https:\/\/schema.org\",\"@graph\":[{\"@type\":\"WebPage\",\"@id\":\"https:\/\/denublelaw.com\/areas-de-practica\/derecho-de-inmigracion\/\",\"url\":\"https:\/\/denublelaw.com\/areas-de-practica\/derecho-de-inmigracion\/\",\"name\":\"Derecho de inmigraci\u00f3n - Denuble Law\",\"isPartOf\":{\"@id\":\"https:\/\/denublelaw.com\/#website\"},\"primaryImageOfPage\":{\"@id\":\"https:\/\/denublelaw.com\/areas-de-practica\/derecho-de-inmigracion\/#primaryimage\"},\"image\":{\"@id\":\"https:\/\/denublelaw.com\/areas-de-practica\/derecho-de-inmigracion\/#primaryimage\"},\"thumbnailUrl\":\"https:\/\/paperboat.com.ar\/demos\/denuble\/wp-content\/uploads\/2025\/09\/Gemini_Generated_Image_re034lre034lre03-e1759281358898.png\",\"datePublished\":\"2025-09-21T21:30:44+00:00\",\"dateModified\":\"2025-10-15T16:58:32+00:00\",\"breadcrumb\":{\"@id\":\"https:\/\/denublelaw.com\/areas-de-practica\/derecho-de-inmigracion\/#breadcrumb\"},\"inLanguage\":\"en-US\",\"potentialAction\":[{\"@type\":\"ReadAction\",\"target\":[\"https:\/\/denublelaw.com\/areas-de-practica\/derecho-de-inmigracion\/\"]}]},{\"@type\":\"ImageObject\",\"inLanguage\":\"en-US\",\"@id\":\"https:\/\/denublelaw.com\/areas-de-practica\/derecho-de-inmigracion\/#primaryimage\",\"url\":\"https:\/\/paperboat.com.ar\/demos\/denuble\/wp-content\/uploads\/2025\/09\/Gemini_Generated_Image_re034lre034lre03-e1759281358898.png\",\"contentUrl\":\"https:\/\/paperboat.com.ar\/demos\/denuble\/wp-content\/uploads\/2025\/09\/Gemini_Generated_Image_re034lre034lre03-e1759281358898.png\"},{\"@type\":\"BreadcrumbList\",\"@id\":\"https:\/\/denublelaw.com\/areas-de-practica\/derecho-de-inmigracion\/#breadcrumb\",\"itemListElement\":[{\"@type\":\"ListItem\",\"position\":1,\"name\":\"Portada\",\"item\":\"https:\/\/denublelaw.com\/\"},{\"@type\":\"ListItem\",\"position\":2,\"name\":\"\u00c1reas de pr\u00e1ctica\",\"item\":\"https:\/\/denublelaw.com\/areas-de-practica\/\"},{\"@type\":\"ListItem\",\"position\":3,\"name\":\"Derecho de inmigraci\u00f3n\"}]},{\"@type\":\"WebSite\",\"@id\":\"https:\/\/denublelaw.com\/#website\",\"url\":\"https:\/\/denublelaw.com\/\",\"name\":\"Denuble Law\",\"description\":\"Excellence Across Borders &amp; Cultures\",\"publisher\":{\"@id\":\"https:\/\/denublelaw.com\/#organization\"},\"potentialAction\":[{\"@type\":\"SearchAction\",\"target\":{\"@type\":\"EntryPoint\",\"urlTemplate\":\"https:\/\/denublelaw.com\/?s={search_term_string}\"},\"query-input\":{\"@type\":\"PropertyValueSpecification\",\"valueRequired\":true,\"valueName\":\"search_term_string\"}}],\"inLanguage\":\"en-US\"},{\"@type\":\"Organization\",\"@id\":\"https:\/\/denublelaw.com\/#organization\",\"name\":\"Denuble Law\",\"url\":\"https:\/\/denublelaw.com\/\",\"logo\":{\"@type\":\"ImageObject\",\"inLanguage\":\"en-US\",\"@id\":\"https:\/\/denublelaw.com\/#\/schema\/logo\/image\/\",\"url\":\"https:\/\/denublelaw.com\/wp-content\/uploads\/2025\/09\/TempLogo-dark.png\",\"contentUrl\":\"https:\/\/denublelaw.com\/wp-content\/uploads\/2025\/09\/TempLogo-dark.png\",\"width\":295,\"height\":44,\"caption\":\"Denuble Law\"},\"image\":{\"@id\":\"https:\/\/denublelaw.com\/#\/schema\/logo\/image\/\"}}]}<\/script>\n<!-- \/ Yoast SEO plugin. -->","yoast_head_json":{"title":"Derecho de inmigraci\u00f3n - Denuble Law","robots":{"index":"index","follow":"follow","max-snippet":"max-snippet:-1","max-image-preview":"max-image-preview:large","max-video-preview":"max-video-preview:-1"},"canonical":"https:\/\/denublelaw.com\/en\/areas-de-practica\/derecho-de-inmigracion\/","og_locale":"en_US","og_type":"article","og_title":"Derecho de inmigraci\u00f3n - Denuble Law","og_description":"Derecho de Inmigraci\u00f3n Los pa\u00edses imponen en general rigurosas regulaciones a los derechos de los extranjeros para ingresar, vivir y [&hellip;]","og_url":"https:\/\/denublelaw.com\/en\/areas-de-practica\/derecho-de-inmigracion\/","og_site_name":"Denuble Law","article_modified_time":"2025-10-15T16:58:32+00:00","og_image":[{"url":"https:\/\/paperboat.com.ar\/demos\/denuble\/wp-content\/uploads\/2025\/09\/Gemini_Generated_Image_re034lre034lre03-e1759281358898.png","type":"","width":"","height":""}],"twitter_card":"summary_large_image","twitter_misc":{"Est. reading time":"2 minutes"},"schema":{"@context":"https:\/\/schema.org","@graph":[{"@type":"WebPage","@id":"https:\/\/denublelaw.com\/areas-de-practica\/derecho-de-inmigracion\/","url":"https:\/\/denublelaw.com\/areas-de-practica\/derecho-de-inmigracion\/","name":"Derecho de inmigraci\u00f3n - Denuble Law","isPartOf":{"@id":"https:\/\/denublelaw.com\/#website"},"primaryImageOfPage":{"@id":"https:\/\/denublelaw.com\/areas-de-practica\/derecho-de-inmigracion\/#primaryimage"},"image":{"@id":"https:\/\/denublelaw.com\/areas-de-practica\/derecho-de-inmigracion\/#primaryimage"},"thumbnailUrl":"https:\/\/paperboat.com.ar\/demos\/denuble\/wp-content\/uploads\/2025\/09\/Gemini_Generated_Image_re034lre034lre03-e1759281358898.png","datePublished":"2025-09-21T21:30:44+00:00","dateModified":"2025-10-15T16:58:32+00:00","breadcrumb":{"@id":"https:\/\/denublelaw.com\/areas-de-practica\/derecho-de-inmigracion\/#breadcrumb"},"inLanguage":"en-US","potentialAction":[{"@type":"ReadAction","target":["https:\/\/denublelaw.com\/areas-de-practica\/derecho-de-inmigracion\/"]}]},{"@type":"ImageObject","inLanguage":"en-US","@id":"https:\/\/denublelaw.com\/areas-de-practica\/derecho-de-inmigracion\/#primaryimage","url":"https:\/\/paperboat.com.ar\/demos\/denuble\/wp-content\/uploads\/2025\/09\/Gemini_Generated_Image_re034lre034lre03-e1759281358898.png","contentUrl":"https:\/\/paperboat.com.ar\/demos\/denuble\/wp-content\/uploads\/2025\/09\/Gemini_Generated_Image_re034lre034lre03-e1759281358898.png"},{"@type":"BreadcrumbList","@id":"https:\/\/denublelaw.com\/areas-de-practica\/derecho-de-inmigracion\/#breadcrumb","itemListElement":[{"@type":"ListItem","position":1,"name":"Portada","item":"https:\/\/denublelaw.com\/"},{"@type":"ListItem","position":2,"name":"\u00c1reas de pr\u00e1ctica","item":"https:\/\/denublelaw.com\/areas-de-practica\/"},{"@type":"ListItem","position":3,"name":"Derecho de inmigraci\u00f3n"}]},{"@type":"WebSite","@id":"https:\/\/denublelaw.com\/#website","url":"https:\/\/denublelaw.com\/","name":"Denuble Law","description":"Excellence Across Borders &amp; Cultures","publisher":{"@id":"https:\/\/denublelaw.com\/#organization"},"potentialAction":[{"@type":"SearchAction","target":{"@type":"EntryPoint","urlTemplate":"https:\/\/denublelaw.com\/?s={search_term_string}"},"query-input":{"@type":"PropertyValueSpecification","valueRequired":true,"valueName":"search_term_string"}}],"inLanguage":"en-US"},{"@type":"Organization","@id":"https:\/\/denublelaw.com\/#organization","name":"Denuble Law","url":"https:\/\/denublelaw.com\/","logo":{"@type":"ImageObject","inLanguage":"en-US","@id":"https:\/\/denublelaw.com\/#\/schema\/logo\/image\/","url":"https:\/\/denublelaw.com\/wp-content\/uploads\/2025\/09\/TempLogo-dark.png","contentUrl":"https:\/\/denublelaw.com\/wp-content\/uploads\/2025\/09\/TempLogo-dark.png","width":295,"height":44,"caption":"Denuble Law"},"image":{"@id":"https:\/\/denublelaw.com\/#\/schema\/logo\/image\/"}}]}},"_links":{"self":[{"href":"https:\/\/denublelaw.com\/en\/wp-json\/wp\/v2\/pages\/227","targetHints":{"allow":["GET"]}}],"collection":[{"href":"https:\/\/denublelaw.com\/en\/wp-json\/wp\/v2\/pages"}],"about":[{"href":"https:\/\/denublelaw.com\/en\/wp-json\/wp\/v2\/types\/page"}],"author":[{"embeddable":true,"href":"https:\/\/denublelaw.com\/en\/wp-json\/wp\/v2\/users\/1"}],"replies":[{"embeddable":true,"href":"https:\/\/denublelaw.com\/en\/wp-json\/wp\/v2\/comments?post=227"}],"version-history":[{"count":54,"href":"https:\/\/denublelaw.com\/en\/wp-json\/wp\/v2\/pages\/227\/revisions"}],"predecessor-version":[{"id":866,"href":"https:\/\/denublelaw.com\/en\/wp-json\/wp\/v2\/pages\/227\/revisions\/866"}],"up":[{"embeddable":true,"href":"https:\/\/denublelaw.com\/en\/wp-json\/wp\/v2\/pages\/217"}],"wp:attachment":[{"href":"https:\/\/denublelaw.com\/en\/wp-json\/wp\/v2\/media?parent=227"}],"curies":[{"name":"wp","href":"https:\/\/api.w.org\/{rel}","templated":true}]}}